{"id":41690,"date":"2024-06-02T02:12:16","date_gmt":"2024-06-01T23:12:16","guid":{"rendered":"https:\/\/araratfinland.com\/product\/yayla-ayran-minttu-1-l\/"},"modified":"2025-11-06T15:12:20","modified_gmt":"2025-11-06T13:12:20","slug":"yayla-ayran-minttu-1-l","status":"publish","type":"product","link":"https:\/\/araratfinland.com\/en\/product\/yayla-ayran-minttu-1-l\/","title":{"rendered":"Yayla Ayran Minttu 1 L"},"content":{"rendered":"<h4><strong><span style=\"font-size: 19px;color: #000000\">Jogurttipohjainen maitojuoma,<br \/>1,7% rasvaa, past\u00f6roitu, minttun maku.<\/span><\/strong><\/h4>\n<h4><span style=\"font-size: 19px;color: #000000\"><strong>Ainesosat: <\/strong>Jogurtti <strong>(maito)\u00a0<\/strong>50,1% vesi,<br \/>muunneltu t\u00e4rkkelys, stabilointiaine,<br \/>pektiini, suola, aromi.<\/span><\/h4>\n<h4><span style=\"color: #000000\"><span style=\"font-size: 19px\"><strong>S\u00e4ilytys:\u00a0<\/strong>Avaamattomana s\u00e4ilytett\u00e4v\u00e4<br \/>huoneenl\u00e4mm\u00f6ss\u00e4.<br \/>Avaamisen j\u00e4lkeen\u00a0<\/span><span style=\"font-size: 19px\">s\u00e4ilytett\u00e4v\u00e4 viile\u00e4ss\u00e4<br \/>4\u2103 &#8211; 6\u2103 v\u00e4lill\u00e4 ja k\u00e4ytett\u00e4v\u00e4 mahdollisimman<br \/>pian.<\/span><\/span><\/h4>\n<h4><span style=\"font-size: 19px;color: #000000\"><strong>Ravistettava ennen k\u00e4ytt\u00f6\u00e4 ja parasta<br \/>kylm\u00e4n\u00e4 nautittuna.<\/strong><\/span><\/h4>\n<table style=\"width: 379.172px\">\n<tbody>\n<tr style=\"height: 23px\">\n<td style=\"width: 361.172px;height: 23px\" colspan=\"2\"><span style=\"font-size: 19px;color: #000000\"><strong>Ravintosis\u00e4lt\u00f6 per 100g<\/strong><\/span><\/td>\n<\/tr>\n<\/tbody>\n<tbody>\n<tr style=\"height: 23px\">\n<td style=\"width: 208px;height: 23px\"><span style=\"font-size: 19px;color: #000000\">Energia<\/span><\/td>\n<td style=\"width: 153.172px;height: 23px\"><span style=\"font-size: 19px;color: #000000\">134 kJ \/32 kcal<\/span><\/td>\n<\/tr>\n<tr style=\"height: 23px\">\n<td style=\"width: 208px;height: 23px\"><span style=\"font-size: 19px;color: #000000\">Rasva<\/span><\/td>\n<td style=\"width: 153.172px;height: 23px\"><span style=\"font-size: 19px;color: #000000\">1,7 g<\/span><\/td>\n<\/tr>\n<tr style=\"height: 31.7656px\">\n<td style=\"width: 208px;height: 31.7656px\"><span style=\"font-size: 19px;color: #000000\">josta tyydyttynytt\u00e4<\/span><\/td>\n<td style=\"width: 153.172px;height: 31.7656px\"><span style=\"font-size: 19px;color: #000000\">1,2 g<\/span><\/td>\n<\/tr>\n<tr style=\"height: 23px\">\n<td style=\"width: 208px;height: 23px\"><span style=\"font-size: 19px;color: #000000\">Hiilihydraatit<\/span><\/td>\n<td style=\"width: 153.172px;height: 23px\"><span style=\"font-size: 19px;color: #000000\">2,4 g<\/span><\/td>\n<\/tr>\n<tr style=\"height: 23px\">\n<td style=\"width: 208px;height: 23px\"><span style=\"font-size: 19px;color: #000000\">josta sokereita<\/span><\/td>\n<td style=\"width: 153.172px;height: 23px\"><span style=\"font-size: 19px;color: #000000\">2,4 g<\/span><\/td>\n<\/tr>\n<tr style=\"height: 23px\">\n<td style=\"width: 208px;height: 23px\"><span style=\"font-size: 19px;color: #000000\">Proteiini<\/span><\/td>\n<td style=\"width: 153.172px;height: 23px\"><span style=\"font-size: 19px;color: #000000\">1,7 g<\/span><\/td>\n<\/tr>\n<tr style=\"height: 23px\">\n<td style=\"width: 208px;height: 23px\"><span style=\"font-size: 19px;color: #000000\">Suola<\/span><\/td>\n<td style=\"width: 153.172px;height: 23px\"><span style=\"font-size: 19px;color: #000000\">0,83 g<\/span><\/td>\n<\/tr>\n<\/tbody>\n<\/table>\n","protected":false},"excerpt":{"rendered":"<p>Jogurttipohjainen maitojuoma,1,7% rasvaa, past\u00f6roitu, minttun maku. Ainesosat: Jogurtti (maito)\u00a050,1% vesi,muunneltu t\u00e4rkkelys, stabilointiaine,pektiini, suola, aromi. S\u00e4ilytys:\u00a0Avaamattomana s\u00e4ilytett\u00e4v\u00e4huoneenl\u00e4mm\u00f6ss\u00e4.Avaamisen j\u00e4lkeen\u00a0s\u00e4ilytett\u00e4v\u00e4 viile\u00e4ss\u00e44\u2103 &#8211; 6\u2103<\/p>\n","protected":false},"featured_media":99059,"template":"","meta":{"om_disable_all_campaigns":false,"_monsterinsights_skip_tracking":false,"_monsterinsights_sitenote_active":false,"_monsterinsights_sitenote_note":"","_monsterinsights_sitenote_category":0},"location":[1422],"product_brand":[1423],"product_cat":[1352],"product_tag":[],"class_list":{"0":"post-41690","1":"product","2":"type-product","3":"status-publish","4":"has-post-thumbnail","6":"location-v","7":"product_brand-ararat-ari-food","8":"product_cat-maitotuotteet-fi","9":"stock_type-pcs-en","11":"first","12":"instock","13":"taxable","14":"shipping-taxable","15":"purchasable","16":"product-type-simple"},"aioseo_notices":[],"locations":[{"id":1422,"name":"v","slug":"v","quantity":"695"}],"_links":{"self":[{"href":"https:\/\/araratfinland.com\/en\/wp-json\/wp\/v2\/product\/41690","targetHints":{"allow":["GET"]}}],"collection":[{"href":"https:\/\/araratfinland.com\/en\/wp-json\/wp\/v2\/product"}],"about":[{"href":"https:\/\/araratfinland.com\/en\/wp-json\/wp\/v2\/types\/product"}],"version-history":[{"count":1,"href":"https:\/\/araratfinland.com\/en\/wp-json\/wp\/v2\/product\/41690\/revisions"}],"predecessor-version":[{"id":48542,"href":"https:\/\/araratfinland.com\/en\/wp-json\/wp\/v2\/product\/41690\/revisions\/48542"}],"wp:featuredmedia":[{"embeddable":true,"href":"https:\/\/araratfinland.com\/en\/wp-json\/wp\/v2\/media\/99059"}],"wp:attachment":[{"href":"https:\/\/araratfinland.com\/en\/wp-json\/wp\/v2\/media?parent=41690"}],"wp:term":[{"taxonomy":"location","embeddable":true,"href":"https:\/\/araratfinland.com\/en\/wp-json\/wp\/v2\/location?post=41690"},{"taxonomy":"product_brand","embeddable":true,"href":"https:\/\/araratfinland.com\/en\/wp-json\/wp\/v2\/product_brand?post=41690"},{"taxonomy":"product_cat","embeddable":true,"href":"https:\/\/araratfinland.com\/en\/wp-json\/wp\/v2\/product_cat?post=41690"},{"taxonomy":"product_tag","embeddable":true,"href":"https:\/\/araratfinland.com\/en\/wp-json\/wp\/v2\/product_tag?post=41690"}],"curies":[{"name":"wp","href":"https:\/\/api.w.org\/{rel}","templated":true}]}}