{"id":41687,"date":"2024-06-02T02:12:15","date_gmt":"2024-06-01T23:12:15","guid":{"rendered":"https:\/\/araratfinland.com\/product\/samra-ruusu-vesi-05-l-2\/"},"modified":"2025-03-19T09:11:23","modified_gmt":"2025-03-19T07:11:23","slug":"samra-ruusu-vesi-05-l-2","status":"publish","type":"product","link":"https:\/\/araratfinland.com\/en\/product\/samra-ruusu-vesi-05-l-2\/","title":{"rendered":"Samra ruusu vesi 0,5 L"},"content":{"rendered":"<h4><span style=\"color: #000000\"><strong><span style=\"font-size: 18px\">Ruusu vesi.<\/span><\/strong><\/span><\/h4>\n<h4><span style=\"font-size: 18px;color: #000000\"><strong>Ainesosat:\u00a0<\/strong>Vesi, makeutettu.<\/span><\/h4>\n<h4><span style=\"font-size: 18px;color: #000000\"><strong>S\u00e4ilytys:\u00a0<\/strong>Huoneen l\u00e4mm\u00f6ss\u00e4,<br \/>suojattuna valolta.<\/span><\/h4>\n<h4><span style=\"font-size: 18px;color: #000000\"><strong>Alkuper\u00e4maa:\u00a0<\/strong>Belgia.<\/span><\/h4>\n<table style=\"width: 285.828px\">\n<tbody>\n<tr>\n<td style=\"width: 294.828px\" colspan=\"2\"><span style=\"font-size: 18px;color: #000000\"><strong>Ravintosis\u00e4lt\u00f6 per 100g<\/strong><\/span><\/td>\n<\/tr>\n<\/tbody>\n<tbody>\n<tr>\n<td style=\"width: 206px\"><span style=\"font-size: 18px;color: #000000\">Energia<\/span><\/td>\n<td style=\"width: 88.8281px\"><span style=\"color: #000000\">\u00a0\u00a0<\/span><\/td>\n<\/tr>\n<tr>\n<td style=\"width: 206px\"><span style=\"font-size: 18px;color: #000000\">Rasva<\/span><\/td>\n<td style=\"width: 88.8281px\"><span style=\"font-size: 18px;color: #000000\"><\/p>\n","protected":false},"excerpt":{"rendered":"<p>Ruusu vesi. Ainesosat:\u00a0Vesi, makeutettu. S\u00e4ilytys:\u00a0Huoneen l\u00e4mm\u00f6ss\u00e4,suojattuna valolta. Alkuper\u00e4maa:\u00a0Belgia. Ravintosis\u00e4lt\u00f6 per 100g Energia \u00a0\u00a0 Rasva<\/p>\n","protected":false},"featured_media":74625,"template":"","meta":{"om_disable_all_campaigns":false,"_monsterinsights_skip_tracking":false,"_monsterinsights_sitenote_active":false,"_monsterinsights_sitenote_note":"","_monsterinsights_sitenote_category":0},"location":[1422],"product_brand":[1423],"product_cat":[1480],"product_tag":[],"class_list":{"0":"post-41687","1":"product","2":"type-product","3":"status-publish","4":"has-post-thumbnail","6":"location-v","7":"product_brand-ararat-ari-food","8":"product_cat-mehut-nesteet-en","9":"stock_type-pll-en","11":"first","12":"instock","13":"taxable","14":"shipping-taxable","15":"purchasable","16":"product-type-simple"},"aioseo_notices":[],"locations":[{"id":1422,"name":"v","slug":"v","quantity":"292"}],"_links":{"self":[{"href":"https:\/\/araratfinland.com\/en\/wp-json\/wp\/v2\/product\/41687","targetHints":{"allow":["GET"]}}],"collection":[{"href":"https:\/\/araratfinland.com\/en\/wp-json\/wp\/v2\/product"}],"about":[{"href":"https:\/\/araratfinland.com\/en\/wp-json\/wp\/v2\/types\/product"}],"version-history":[{"count":1,"href":"https:\/\/araratfinland.com\/en\/wp-json\/wp\/v2\/product\/41687\/revisions"}],"predecessor-version":[{"id":60022,"href":"https:\/\/araratfinland.com\/en\/wp-json\/wp\/v2\/product\/41687\/revisions\/60022"}],"wp:featuredmedia":[{"embeddable":true,"href":"https:\/\/araratfinland.com\/en\/wp-json\/wp\/v2\/media\/74625"}],"wp:attachment":[{"href":"https:\/\/araratfinland.com\/en\/wp-json\/wp\/v2\/media?parent=41687"}],"wp:term":[{"taxonomy":"location","embeddable":true,"href":"https:\/\/araratfinland.com\/en\/wp-json\/wp\/v2\/location?post=41687"},{"taxonomy":"product_brand","embeddable":true,"href":"https:\/\/araratfinland.com\/en\/wp-json\/wp\/v2\/product_brand?post=41687"},{"taxonomy":"product_cat","embeddable":true,"href":"https:\/\/araratfinland.com\/en\/wp-json\/wp\/v2\/product_cat?post=41687"},{"taxonomy":"product_tag","embeddable":true,"href":"https:\/\/araratfinland.com\/en\/wp-json\/wp\/v2\/product_tag?post=41687"}],"curies":[{"name":"wp","href":"https:\/\/api.w.org\/{rel}","templated":true}]}}