{"id":41650,"date":"2024-06-02T02:12:07","date_gmt":"2024-06-01T23:12:07","guid":{"rendered":"https:\/\/araratfinland.com\/product\/robert-kalkkuna-mortadella-850-g\/"},"modified":"2025-11-10T14:53:07","modified_gmt":"2025-11-10T12:53:07","slug":"robert-kalkkuna-mortadella-850-g","status":"publish","type":"product","link":"https:\/\/araratfinland.com\/en\/product\/robert-kalkkuna-mortadella-850-g\/","title":{"rendered":"Robert Kalkkuna Mortadella 850 g"},"content":{"rendered":"<h3><span style=\"color: #000000\"><span style=\"font-size: 18px\"><strong style=\"font-size: 18px\">Ainesosat: <\/strong>Koneellisesti eroteltu kalkkunan liha 47%,<br \/><\/span><span style=\"font-size: 18px\">koneellisesti eroteltu broilerin liha 42%, vesi, suola,<br \/>glukoosisiirappi, paprika, pippuri, stabilointiaine\u00a0<br \/>(difosfaatti), valkosipuli,\u00a0antioksidantti (askorbiinihappo),<br \/>s\u00e4il\u00f6nt\u00e4aine (natriumnitriitti).<\/span><\/span><\/h3>\n<div class=\"collapsible-container-content\">\n<div class=\"details\">\n<h4><span style=\"font-size: 18px;color: #000000\"><strong>S\u00e4ilytys:<\/strong><span style=\"font-family: Arial, sans-serif\">\u00a0<\/span>Kuivassa ja huoneenl\u00e4mp\u00f6tilassa.<br \/>S\u00e4ilyt\u00e4 avattu tuote j\u00e4\u00e4kapissa ja k\u00e4yt\u00e4 3 vrk:n<br \/>kuluessa avamisesta.<\/span><\/h4>\n<div class=\"details\">\n<h4><span style=\"font-size: 18px;color: #000000\"><strong>Valmistettu:<\/strong> Tanskassa.<\/span><\/h4>\n<div class=\"collapsible-container-content\">\n<div class=\"product-details-collapsible-padding nutritional-details\">\n<div class=\"nutritional-contents\">\n<table style=\"height: 239px;width: 386.906px\">\n<tbody>\n<tr>\n<th style=\"width: 940px\" colspan=\"2\"><span style=\"font-size: 18px;color: #000000\">Ravintosis\u00e4lt\u00f6 per 100g<\/span><\/th>\n<th style=\"width: 60.9062px\"><span style=\"font-size: 18px;color: #000000\">\u00a0<\/span><\/th>\n<\/tr>\n<\/tbody>\n<tbody>\n<tr>\n<td style=\"width: 378px\"><span style=\"font-size: 18px;color: #000000\">Energia<\/span><\/td>\n<td style=\"width: 562px\"><span style=\"font-size: 18px;color: #000000\">780 kJ \/ 186 kcal<\/span><\/td>\n<\/tr>\n<tr>\n<td style=\"width: 378px\"><span style=\"font-size: 18px;color: #000000\">Rasva<\/span><\/td>\n<td style=\"width: 562px\"><span style=\"font-size: 18px;color: #000000\">15 g<\/span><\/td>\n<\/tr>\n<tr class=\"sub-content\">\n<td style=\"width: 378px\"><span style=\"font-size: 18px;color: #000000\">josta tyydyttynytt\u00e4<\/span><\/td>\n<td style=\"width: 562px\"><span style=\"font-size: 18px;color: #000000\">4 g<\/span><\/td>\n<\/tr>\n<tr>\n<td style=\"width: 378px\"><span style=\"font-size: 18px;color: #000000\">Hiilihydraatit<\/span><\/td>\n<td style=\"width: 562px\"><span style=\"font-size: 18px;color: #000000\">0-1 g<\/span><\/td>\n<\/tr>\n<tr class=\"sub-content\">\n<td style=\"width: 378px\"><span style=\"font-size: 18px;color: #000000\">josta sokereita<\/span><\/td>\n<td style=\"width: 562px\"><span style=\"font-size: 18px;color: #000000\">0-1 g<\/span><\/td>\n<\/tr>\n<tr>\n<td style=\"width: 378px\"><span style=\"font-size: 18px;color: #000000\">Proteiini<\/span><\/td>\n<td style=\"width: 562px\"><span style=\"font-size: 18px;color: #000000\">15 g<\/span><\/td>\n<\/tr>\n<tr>\n<td style=\"width: 378px\"><span style=\"font-size: 18px;color: #000000\">Suola<\/span><\/td>\n<td style=\"width: 562px\"><span style=\"font-size: 18px;color: #000000\">2 g<\/span><\/td>\n<\/tr>\n<\/tbody>\n<\/table><\/div>\n<\/p><\/div>\n<\/p><\/div>\n<\/p><\/div>\n<\/p><\/div>\n<\/p><\/div>\n","protected":false},"excerpt":{"rendered":"<p>Ainesosat: Koneellisesti eroteltu kalkkunan liha 47%,koneellisesti eroteltu broilerin liha 42%, vesi, suola,glukoosisiirappi, paprika, pippuri, stabilointiaine\u00a0(difosfaatti), valkosipuli,\u00a0antioksidantti (askorbiinihappo),s\u00e4il\u00f6nt\u00e4aine (natriumnitriitti). S\u00e4ilytys:\u00a0Kuivassa ja<\/p>\n","protected":false},"featured_media":100127,"template":"","meta":{"om_disable_all_campaigns":false,"_monsterinsights_skip_tracking":false,"_monsterinsights_sitenote_active":false,"_monsterinsights_sitenote_note":"","_monsterinsights_sitenote_category":0},"location":[1422],"product_brand":[1423],"product_cat":[1362],"product_tag":[],"class_list":{"0":"post-41650","1":"product","2":"type-product","3":"status-publish","4":"has-post-thumbnail","6":"location-v","7":"product_brand-ararat-ari-food","8":"product_cat-salamit-fi","9":"stock_type-kpl-en","11":"first","12":"instock","13":"taxable","14":"shipping-taxable","15":"purchasable","16":"product-type-simple"},"aioseo_notices":[],"locations":[{"id":1422,"name":"v","slug":"v","quantity":"151"}],"_links":{"self":[{"href":"https:\/\/araratfinland.com\/en\/wp-json\/wp\/v2\/product\/41650","targetHints":{"allow":["GET"]}}],"collection":[{"href":"https:\/\/araratfinland.com\/en\/wp-json\/wp\/v2\/product"}],"about":[{"href":"https:\/\/araratfinland.com\/en\/wp-json\/wp\/v2\/types\/product"}],"version-history":[{"count":5,"href":"https:\/\/araratfinland.com\/en\/wp-json\/wp\/v2\/product\/41650\/revisions"}],"predecessor-version":[{"id":100129,"href":"https:\/\/araratfinland.com\/en\/wp-json\/wp\/v2\/product\/41650\/revisions\/100129"}],"wp:featuredmedia":[{"embeddable":true,"href":"https:\/\/araratfinland.com\/en\/wp-json\/wp\/v2\/media\/100127"}],"wp:attachment":[{"href":"https:\/\/araratfinland.com\/en\/wp-json\/wp\/v2\/media?parent=41650"}],"wp:term":[{"taxonomy":"location","embeddable":true,"href":"https:\/\/araratfinland.com\/en\/wp-json\/wp\/v2\/location?post=41650"},{"taxonomy":"product_brand","embeddable":true,"href":"https:\/\/araratfinland.com\/en\/wp-json\/wp\/v2\/product_brand?post=41650"},{"taxonomy":"product_cat","embeddable":true,"href":"https:\/\/araratfinland.com\/en\/wp-json\/wp\/v2\/product_cat?post=41650"},{"taxonomy":"product_tag","embeddable":true,"href":"https:\/\/araratfinland.com\/en\/wp-json\/wp\/v2\/product_tag?post=41650"}],"curies":[{"name":"wp","href":"https:\/\/api.w.org\/{rel}","templated":true}]}}