{"id":41643,"date":"2024-06-02T02:12:06","date_gmt":"2024-06-01T23:12:06","guid":{"rendered":"https:\/\/araratfinland.com\/product\/qibbla-kubba-mosel-12x500-g-2\/"},"modified":"2025-11-14T10:54:56","modified_gmt":"2025-11-14T08:54:56","slug":"qibbla-kubba-mosel-12x500-g-2","status":"publish","type":"product","link":"https:\/\/araratfinland.com\/en\/product\/qibbla-kubba-mosel-12x500-g-2\/","title":{"rendered":"Qibbla kubba mosel 12&#215;500 g"},"content":{"rendered":"<h4><span style=\"font-size: 18px;color: #000000\"><strong>Kubba mosel.<\/strong><\/span><\/h4>\n<h4><span style=\"color: #000000\"><span style=\"font-size: 18px\"><strong>Ainesosat: <\/strong>Bulgur <strong>(vehn\u00e4)<\/strong>, jauheliha,<br \/>suola, hienonnettu sipuli,\u00a0<strong>sinappi<\/strong>,<br \/><\/span><span style=\"font-size: 18px\">natriumvetybikarbonaatti, mausteet,<br \/><strong>sulfittia<\/strong>.<\/span><\/span><\/h4>\n<h4><span style=\"color: #000000\"><span style=\"font-size: 18px\"><strong>Saattaa sis\u00e4lt\u00e4\u00e4 broilerinluuta.<\/p>\n<p><\/strong><\/span><span style=\"font-size: 18px\"><strong>S\u00e4ilytys: <\/strong>Pakastin: 48 tuntia.<br \/>Syv\u00e4j\u00e4\u00e4ss\u00e4: -6\u2103: 1 viikko, -12\u2103: 3 viikoa.<\/span><\/span><\/h4>\n<table style=\"height: 361px;width: 407px\">\n<tbody>\n<tr style=\"height: 13px\">\n<td style=\"width: 389px;height: 13px\" colspan=\"2\"><span style=\"font-size: 18px;color: #000000\"><strong>Ravintosis\u00e4lt\u00f6 per 100g<\/strong><\/span><\/td>\n<\/tr>\n<\/tbody>\n<tbody>\n<tr style=\"height: 2.26562px\">\n<td style=\"width: 200.125px;height: 2.26562px\"><span style=\"font-size: 18px;color: #000000\">Energiaa<\/span><\/td>\n<td style=\"width: 188.875px;height: 2.26562px\"><span style=\"font-size: 18px;color: #000000\">682 kj \/ 161 kcal<\/span><\/td>\n<\/tr>\n<tr style=\"height: 15px\">\n<td style=\"width: 200.125px;height: 15px\"><span style=\"font-size: 18px;color: #000000\">Rasva<\/span><\/td>\n<td style=\"width: 188.875px;height: 15px\"><span style=\"font-size: 18px;color: #000000\">3 g<\/span><\/td>\n<\/tr>\n<tr style=\"height: 19px\">\n<td style=\"width: 200.125px;height: 19px\"><span style=\"font-size: 18px;color: #000000\">josta tyydyttynytt\u00e4<\/span><\/td>\n<td style=\"width: 188.875px;height: 19px\"><span style=\"font-size: 18px;color: #000000\">1,3 g<\/span><\/td>\n<\/tr>\n<tr style=\"height: 18px\">\n<td style=\"width: 200.125px;height: 18px\"><span style=\"font-size: 18px;color: #000000\">Hiilihydraatit<\/span><\/td>\n<td style=\"width: 188.875px;height: 18px\"><span style=\"font-size: 18px;color: #000000\">23,1 g<\/span><\/td>\n<\/tr>\n<tr style=\"height: 1px\">\n<td style=\"width: 200.125px;height: 1px\"><span style=\"font-size: 18px;color: #000000\">josta sokereita<\/span><\/td>\n<td style=\"width: 188.875px;height: 1px\"><span style=\"font-size: 18px;color: #000000\">1,9 g<\/span><\/td>\n<\/tr>\n<tr style=\"height: 8px\">\n<td style=\"width: 200.125px;height: 8px\"><span style=\"font-size: 18px;color: #000000\">Proteiini<\/span><\/td>\n<td style=\"width: 188.875px;height: 8px\"><span style=\"font-size: 18px;color: #000000\">10,5 g<\/span><\/td>\n<\/tr>\n<tr style=\"height: 11px\">\n<td style=\"width: 200.125px;height: 11px\"><span style=\"font-size: 18px;color: #000000\">Suola<\/span><\/td>\n<td style=\"width: 188.875px;height: 11px\"><span style=\"font-size: 18px;color: #000000\">0,95 g<\/span><\/td>\n<\/tr>\n<\/tbody>\n<\/table>\n","protected":false},"excerpt":{"rendered":"<p>Kubba mosel. Ainesosat: Bulgur (vehn\u00e4), jauheliha,suola, hienonnettu sipuli,\u00a0sinappi,natriumvetybikarbonaatti, mausteet,sulfittia. Saattaa sis\u00e4lt\u00e4\u00e4 broilerinluuta. S\u00e4ilytys: Pakastin: 48 tuntia.Syv\u00e4j\u00e4\u00e4ss\u00e4: -6\u2103: 1 viikko, -12\u2103:<\/p>\n","protected":false},"featured_media":100398,"template":"","meta":{"om_disable_all_campaigns":false,"_monsterinsights_skip_tracking":false,"_monsterinsights_sitenote_active":false,"_monsterinsights_sitenote_note":"","_monsterinsights_sitenote_category":0},"location":[1422],"product_brand":[1423],"product_cat":[1464],"product_tag":[],"class_list":{"0":"post-41643","1":"product","2":"type-product","3":"status-publish","4":"has-post-thumbnail","6":"location-v","7":"product_brand-ararat-ari-food","8":"product_cat-pakasteet-en-2","9":"stock_type-ltk-en","11":"first","12":"instock","13":"taxable","14":"shipping-taxable","15":"purchasable","16":"product-type-simple"},"aioseo_notices":[],"locations":[{"id":1422,"name":"v","slug":"v","quantity":"0"}],"_links":{"self":[{"href":"https:\/\/araratfinland.com\/en\/wp-json\/wp\/v2\/product\/41643","targetHints":{"allow":["GET"]}}],"collection":[{"href":"https:\/\/araratfinland.com\/en\/wp-json\/wp\/v2\/product"}],"about":[{"href":"https:\/\/araratfinland.com\/en\/wp-json\/wp\/v2\/types\/product"}],"version-history":[{"count":1,"href":"https:\/\/araratfinland.com\/en\/wp-json\/wp\/v2\/product\/41643\/revisions"}],"predecessor-version":[{"id":50756,"href":"https:\/\/araratfinland.com\/en\/wp-json\/wp\/v2\/product\/41643\/revisions\/50756"}],"wp:featuredmedia":[{"embeddable":true,"href":"https:\/\/araratfinland.com\/en\/wp-json\/wp\/v2\/media\/100398"}],"wp:attachment":[{"href":"https:\/\/araratfinland.com\/en\/wp-json\/wp\/v2\/media?parent=41643"}],"wp:term":[{"taxonomy":"location","embeddable":true,"href":"https:\/\/araratfinland.com\/en\/wp-json\/wp\/v2\/location?post=41643"},{"taxonomy":"product_brand","embeddable":true,"href":"https:\/\/araratfinland.com\/en\/wp-json\/wp\/v2\/product_brand?post=41643"},{"taxonomy":"product_cat","embeddable":true,"href":"https:\/\/araratfinland.com\/en\/wp-json\/wp\/v2\/product_cat?post=41643"},{"taxonomy":"product_tag","embeddable":true,"href":"https:\/\/araratfinland.com\/en\/wp-json\/wp\/v2\/product_tag?post=41643"}],"curies":[{"name":"wp","href":"https:\/\/api.w.org\/{rel}","templated":true}]}}