{"id":41638,"date":"2024-06-02T02:12:05","date_gmt":"2024-06-01T23:12:05","guid":{"rendered":"https:\/\/araratfinland.com\/product\/sebahat-lokum-ruusu-ja-sitruuna-200g\/"},"modified":"2025-10-27T13:26:33","modified_gmt":"2025-10-27T11:26:33","slug":"sebahat-lokum-ruusu-ja-sitruuna-200g","status":"publish","type":"product","link":"https:\/\/araratfinland.com\/en\/product\/sebahat-lokum-ruusu-ja-sitruuna-200g\/","title":{"rendered":"Sebahat Lokum Ruusu Ja Sitruuna 200g"},"content":{"rendered":"<h4><span style=\"font-size: 18px\"><strong>Turkkilainen<\/strong> <strong>lokum ruusu ja sitruuna makuinen.<\/strong><\/span><\/h4>\n<h4><span style=\"font-size: 18px\"><strong>Ainesosat: <\/strong>Sokeri, vesi,\u00a0<strong>vehn\u00e4t\u00e4rkkelys, <\/strong>aroimit,<br \/>v\u00e4riaineta: E163 &#8211; E161b,\u00a0<\/span><span style=\"font-size: 18px\">happamuudens\u00e4\u00e4t\u00f6aine:<br \/>sitruunahappo.<\/span><\/h4>\n<h4><span style=\"font-size: 18px\">Saattaa sis\u00e4lt\u00e4\u00e4 pienia m\u00e4\u00e4ri\u00e4 p\u00e4hkin\u00f6it\u00e4 ja maissia.<\/span><\/h4>\n<h4><span style=\"font-size: 18px\">S\u00e4ilytys: Kuivassa ja viile\u00e4ss\u00e4 paikassa.\u00a0<\/span><\/h4>\n","protected":false},"excerpt":{"rendered":"<p>Turkkilainen lokum ruusu ja sitruuna makuinen. Ainesosat: Sokeri, vesi,\u00a0vehn\u00e4t\u00e4rkkelys, aroimit,v\u00e4riaineta: E163 &#8211; E161b,\u00a0happamuudens\u00e4\u00e4t\u00f6aine:sitruunahappo. Saattaa sis\u00e4lt\u00e4\u00e4 pienia m\u00e4\u00e4ri\u00e4 p\u00e4hkin\u00f6it\u00e4 ja maissia.<\/p>\n","protected":false},"featured_media":98168,"template":"","meta":{"om_disable_all_campaigns":false,"_monsterinsights_skip_tracking":false,"_monsterinsights_sitenote_active":false,"_monsterinsights_sitenote_note":"","_monsterinsights_sitenote_category":0},"location":[1422],"product_brand":[1423],"product_cat":[1324],"product_tag":[],"class_list":{"0":"post-41638","1":"product","2":"type-product","3":"status-publish","4":"has-post-thumbnail","6":"location-v","7":"product_brand-ararat-ari-food","8":"product_cat-makeiset-fi","9":"stock_type-kpl-en","11":"first","12":"instock","13":"taxable","14":"shipping-taxable","15":"purchasable","16":"product-type-simple"},"aioseo_notices":[],"locations":[{"id":1422,"name":"v","slug":"v","quantity":"0"}],"_links":{"self":[{"href":"https:\/\/araratfinland.com\/en\/wp-json\/wp\/v2\/product\/41638","targetHints":{"allow":["GET"]}}],"collection":[{"href":"https:\/\/araratfinland.com\/en\/wp-json\/wp\/v2\/product"}],"about":[{"href":"https:\/\/araratfinland.com\/en\/wp-json\/wp\/v2\/types\/product"}],"version-history":[{"count":2,"href":"https:\/\/araratfinland.com\/en\/wp-json\/wp\/v2\/product\/41638\/revisions"}],"predecessor-version":[{"id":89058,"href":"https:\/\/araratfinland.com\/en\/wp-json\/wp\/v2\/product\/41638\/revisions\/89058"}],"wp:featuredmedia":[{"embeddable":true,"href":"https:\/\/araratfinland.com\/en\/wp-json\/wp\/v2\/media\/98168"}],"wp:attachment":[{"href":"https:\/\/araratfinland.com\/en\/wp-json\/wp\/v2\/media?parent=41638"}],"wp:term":[{"taxonomy":"location","embeddable":true,"href":"https:\/\/araratfinland.com\/en\/wp-json\/wp\/v2\/location?post=41638"},{"taxonomy":"product_brand","embeddable":true,"href":"https:\/\/araratfinland.com\/en\/wp-json\/wp\/v2\/product_brand?post=41638"},{"taxonomy":"product_cat","embeddable":true,"href":"https:\/\/araratfinland.com\/en\/wp-json\/wp\/v2\/product_cat?post=41638"},{"taxonomy":"product_tag","embeddable":true,"href":"https:\/\/araratfinland.com\/en\/wp-json\/wp\/v2\/product_tag?post=41638"}],"curies":[{"name":"wp","href":"https:\/\/api.w.org\/{rel}","templated":true}]}}