{"id":41627,"date":"2024-06-02T02:12:03","date_gmt":"2024-06-01T23:12:03","guid":{"rendered":"https:\/\/araratfinland.com\/product\/nidolin-naudan-maha-12x1-kg\/"},"modified":"2025-10-20T11:12:51","modified_gmt":"2025-10-20T08:12:51","slug":"nidolin-naudan-maha-12x1-kg","status":"publish","type":"product","link":"https:\/\/araratfinland.com\/en\/product\/nidolin-naudan-maha-12x1-kg\/","title":{"rendered":"Nidolin naudan maha 12&#215;1 kg"},"content":{"rendered":"<div><span style=\"font-size: 18px;color: #000000\"><strong>Ainesosat:<\/strong> Naudan maha.<\/p>\n<p><\/span><\/div>\n<div><span style=\"font-size: 18px;color: #000000\"><strong>S\u00e4ilytys:<\/strong> S\u00e4ilyt\u00e4 pakastimessa: -18\u00b0C.<\/p>\n<p><\/span><\/div>\n<div><span style=\"font-size: 18px;color: #000000\"><span style=\"font-size: 18px;color: #000000\"><strong>Alkuper\u00e4maa:<\/strong> Puola.<\/p>\n<p><\/span><\/span> <\/p>\n<table style=\"font-size: 12px;width: 455.266px\">\n<tbody>\n<tr>\n<td style=\"width: 435.266px\" colspan=\"2\"><span style=\"color: #000000\"><strong><span style=\"font-size: 19px\">Ravintosis\u00e4lt\u00f6 per 100g<\/span><\/strong><\/span><\/td>\n<\/tr>\n<\/tbody>\n<tbody>\n<tr>\n<td style=\"width: 267px\"><span style=\"font-size: 19px;color: #000000\"><strong>Kaloreita<\/strong><\/span><\/td>\n<td style=\"width: 168.266px\"><span style=\"font-size: 19px;color: #000000\"><strong>26 mg<\/strong><\/span><\/td>\n<\/tr>\n<tr>\n<td style=\"width: 267px\"><span style=\"color: #000000\"><strong><span style=\"font-size: 19px\">Rasva<\/span><\/strong><\/span><\/td>\n<td style=\"width: 168.266px\"><span style=\"color: #000000\"><strong><span style=\"font-size: 19px\">1 g<\/span><\/strong><\/span><\/td>\n<\/tr>\n<tr>\n<td style=\"width: 267px\"><span style=\"color: #000000\"><strong><span style=\"font-size: 19px\">josta tyydyttyneitt\u00e4<\/span><\/strong><\/span><\/td>\n<td style=\"width: 168.266px\"><span style=\"color: #000000\"><strong><span style=\"font-size: 19px\">0 g<\/span><\/strong><\/span><\/td>\n<\/tr>\n<tr>\n<td style=\"width: 267px\"><span style=\"color: #000000\"><strong><span style=\"font-size: 19px\">Hiilihydraatit<\/span><\/strong><\/span><\/td>\n<td style=\"width: 168.266px\"><span style=\"color: #000000\"><strong><span style=\"font-size: 19px\">1,2 g<\/span><\/strong><\/span><\/td>\n<\/tr>\n<tr>\n<td style=\"width: 267px\"><span style=\"color: #000000\"><strong><span style=\"font-size: 19px\">josta sokereita<\/span><\/strong><\/span><\/td>\n<td style=\"width: 168.266px\"><span style=\"color: #000000\"><strong><span style=\"font-size: 19px\">0 g<\/span><\/strong><\/span><\/td>\n<\/tr>\n<tr>\n<td style=\"width: 267px\"><span style=\"color: #000000\"><strong><span style=\"font-size: 19px\">Proteiini<\/span><\/strong><\/span><\/td>\n<td style=\"width: 168.266px\"><span style=\"color: #000000\"><strong><span style=\"font-size: 19px\">0 g<\/span><\/strong><\/span><\/td>\n<\/tr>\n<tr>\n<td style=\"width: 267px\"><span style=\"font-size: 19px;color: #000000\"><strong>Kolesteroli<\/strong><\/span><\/td>\n<td style=\"width: 168.266px\"><span style=\"color: #000000\"><strong><span style=\"font-size: 19px\">44 mg<br \/><\/span><\/strong><\/span><\/td>\n<\/tr>\n<\/tbody>\n<\/table><\/div>\n","protected":false},"excerpt":{"rendered":"<p>Ainesosat: Naudan maha. S\u00e4ilytys: S\u00e4ilyt\u00e4 pakastimessa: -18\u00b0C. Alkuper\u00e4maa: Puola. Ravintosis\u00e4lt\u00f6 per 100g Kaloreita 26 mg Rasva 1 g josta tyydyttyneitt\u00e4<\/p>\n","protected":false},"featured_media":97665,"template":"","meta":{"om_disable_all_campaigns":false,"_monsterinsights_skip_tracking":false,"_monsterinsights_sitenote_active":false,"_monsterinsights_sitenote_note":"","_monsterinsights_sitenote_category":0},"location":[1422],"product_brand":[1423],"product_cat":[1464],"product_tag":[],"class_list":{"0":"post-41627","1":"product","2":"type-product","3":"status-publish","4":"has-post-thumbnail","6":"location-v","7":"product_brand-ararat-ari-food","8":"product_cat-pakasteet-en-2","9":"stock_type-ltk-en","11":"first","12":"instock","13":"taxable","14":"shipping-taxable","15":"purchasable","16":"product-type-simple"},"aioseo_notices":[],"locations":[{"id":1422,"name":"v","slug":"v","quantity":"10"}],"_links":{"self":[{"href":"https:\/\/araratfinland.com\/en\/wp-json\/wp\/v2\/product\/41627","targetHints":{"allow":["GET"]}}],"collection":[{"href":"https:\/\/araratfinland.com\/en\/wp-json\/wp\/v2\/product"}],"about":[{"href":"https:\/\/araratfinland.com\/en\/wp-json\/wp\/v2\/types\/product"}],"version-history":[{"count":1,"href":"https:\/\/araratfinland.com\/en\/wp-json\/wp\/v2\/product\/41627\/revisions"}],"predecessor-version":[{"id":49213,"href":"https:\/\/araratfinland.com\/en\/wp-json\/wp\/v2\/product\/41627\/revisions\/49213"}],"wp:featuredmedia":[{"embeddable":true,"href":"https:\/\/araratfinland.com\/en\/wp-json\/wp\/v2\/media\/97665"}],"wp:attachment":[{"href":"https:\/\/araratfinland.com\/en\/wp-json\/wp\/v2\/media?parent=41627"}],"wp:term":[{"taxonomy":"location","embeddable":true,"href":"https:\/\/araratfinland.com\/en\/wp-json\/wp\/v2\/location?post=41627"},{"taxonomy":"product_brand","embeddable":true,"href":"https:\/\/araratfinland.com\/en\/wp-json\/wp\/v2\/product_brand?post=41627"},{"taxonomy":"product_cat","embeddable":true,"href":"https:\/\/araratfinland.com\/en\/wp-json\/wp\/v2\/product_cat?post=41627"},{"taxonomy":"product_tag","embeddable":true,"href":"https:\/\/araratfinland.com\/en\/wp-json\/wp\/v2\/product_tag?post=41627"}],"curies":[{"name":"wp","href":"https:\/\/api.w.org\/{rel}","templated":true}]}}