{"id":41623,"date":"2024-06-02T02:12:02","date_gmt":"2024-06-01T23:12:02","guid":{"rendered":"https:\/\/araratfinland.com\/product\/jalopeno-viipaleita-3000-g\/"},"modified":"2025-11-06T10:35:58","modified_gmt":"2025-11-06T08:35:58","slug":"jalopeno-viipaleita-3000-g","status":"publish","type":"product","link":"https:\/\/araratfinland.com\/en\/product\/jalopeno-viipaleita-3000-g\/","title":{"rendered":"Jalopeno viipaleita 3000 g"},"content":{"rendered":"<h4><span style=\"font-size: 19px;color: #000000\"><strong>Jalopeno viipaleita.<\/strong><\/span><\/h4>\n<h4><span style=\"font-size: 19px;color: #000000\"><strong>Ainesosat:<\/strong> Jalapenoja, vesi, v\u00e4kiviinaetikka,<br \/>suola, stabilointiaine: kalsiumkloridi.<\/span><\/h4>\n<h4><span style=\"font-size: 19px;color: #000000\"><strong>S\u00e4ilytys: <\/strong>Viile\u00e4ss\u00e4 ja kuivassa paikassa.<br \/>Avaamisen j\u00e4lkeen s\u00e4ilyt\u00e4 j\u00e4\u00e4kaapissa.<\/span><\/h4>\n<table style=\"height: 361px;width: 417.5px\">\n<tbody>\n<tr style=\"height: 24px\">\n<td style=\"width: 398.5px;height: 24px\" colspan=\"2\"><span style=\"font-size: 19px;color: #000000\"><strong>Ravintosis\u00e4lt\u00f6 per 100g<\/strong><\/span><\/td>\n<\/tr>\n<\/tbody>\n<tbody>\n<tr style=\"height: 9px\">\n<td style=\"width: 208px;height: 9px\"><span style=\"font-size: 19px;color: #000000\">Energiaa<\/span><\/td>\n<td style=\"width: 190.5px;height: 9px\"><span style=\"font-size: 19px;color: #000000\">125 kj \/ 30 kcal<\/span><\/td>\n<\/tr>\n<tr style=\"height: 21px\">\n<td style=\"width: 208px;height: 21px\"><span style=\"font-size: 19px;color: #000000\">Rasva<\/span><\/td>\n<td style=\"width: 190.5px;height: 21px\"><span style=\"font-size: 19px;color: #000000\"><\/p>\n","protected":false},"excerpt":{"rendered":"<p>Jalopeno viipaleita. Ainesosat: Jalapenoja, vesi, v\u00e4kiviinaetikka,suola, stabilointiaine: kalsiumkloridi. S\u00e4ilytys: Viile\u00e4ss\u00e4 ja kuivassa paikassa.Avaamisen j\u00e4lkeen s\u00e4ilyt\u00e4 j\u00e4\u00e4kaapissa. Ravintosis\u00e4lt\u00f6 per 100g Energiaa<\/p>\n","protected":false},"featured_media":98732,"template":"","meta":{"om_disable_all_campaigns":false,"_monsterinsights_skip_tracking":false,"_monsterinsights_sitenote_active":false,"_monsterinsights_sitenote_note":"","_monsterinsights_sitenote_category":0},"location":[1422],"product_brand":[1423],"product_cat":[1469],"product_tag":[],"class_list":{"0":"post-41623","1":"product","2":"type-product","3":"status-publish","4":"has-post-thumbnail","6":"location-v","7":"product_brand-ararat-ari-food","8":"product_cat-restaurant-en-2","9":"stock_type-tlk-en","11":"first","12":"instock","13":"taxable","14":"shipping-taxable","15":"purchasable","16":"product-type-simple"},"aioseo_notices":[],"locations":[{"id":1422,"name":"v","slug":"v","quantity":"200"}],"_links":{"self":[{"href":"https:\/\/araratfinland.com\/en\/wp-json\/wp\/v2\/product\/41623","targetHints":{"allow":["GET"]}}],"collection":[{"href":"https:\/\/araratfinland.com\/en\/wp-json\/wp\/v2\/product"}],"about":[{"href":"https:\/\/araratfinland.com\/en\/wp-json\/wp\/v2\/types\/product"}],"version-history":[{"count":1,"href":"https:\/\/araratfinland.com\/en\/wp-json\/wp\/v2\/product\/41623\/revisions"}],"predecessor-version":[{"id":48168,"href":"https:\/\/araratfinland.com\/en\/wp-json\/wp\/v2\/product\/41623\/revisions\/48168"}],"wp:featuredmedia":[{"embeddable":true,"href":"https:\/\/araratfinland.com\/en\/wp-json\/wp\/v2\/media\/98732"}],"wp:attachment":[{"href":"https:\/\/araratfinland.com\/en\/wp-json\/wp\/v2\/media?parent=41623"}],"wp:term":[{"taxonomy":"location","embeddable":true,"href":"https:\/\/araratfinland.com\/en\/wp-json\/wp\/v2\/location?post=41623"},{"taxonomy":"product_brand","embeddable":true,"href":"https:\/\/araratfinland.com\/en\/wp-json\/wp\/v2\/product_brand?post=41623"},{"taxonomy":"product_cat","embeddable":true,"href":"https:\/\/araratfinland.com\/en\/wp-json\/wp\/v2\/product_cat?post=41623"},{"taxonomy":"product_tag","embeddable":true,"href":"https:\/\/araratfinland.com\/en\/wp-json\/wp\/v2\/product_tag?post=41623"}],"curies":[{"name":"wp","href":"https:\/\/api.w.org\/{rel}","templated":true}]}}