{"id":41599,"date":"2024-06-02T02:11:57","date_gmt":"2024-06-01T23:11:57","guid":{"rendered":"https:\/\/araratfinland.com\/product\/11-taateli-etikka-330-ml-2\/"},"modified":"2025-06-19T15:16:59","modified_gmt":"2025-06-19T12:16:59","slug":"11-taateli-etikka-330-ml-2","status":"publish","type":"product","link":"https:\/\/araratfinland.com\/en\/product\/11-taateli-etikka-330-ml-2\/","title":{"rendered":"1&amp;1 taateli etikka 330 ml"},"content":{"rendered":"<p><span style=\"font-size: 18px;color: #000000\"><strong>Ainesosat:<\/strong>\u00a0Taateli etikka.<\/p>\n<p><strong>S\u00e4ilytys:<\/strong> Kuivassa ja viile\u00e4ss\u00e4 paikassa.<br \/>Avaatuna s\u00e4ilyt\u00e4\u00a0j\u00e4\u00e4kaapissa.<\/p>\n<p><strong>Valmistusmaa:<\/strong> Iran.<\/span><\/p>\n","protected":false},"excerpt":{"rendered":"<p>Ainesosat:\u00a0Taateli etikka. S\u00e4ilytys: Kuivassa ja viile\u00e4ss\u00e4 paikassa.Avaatuna s\u00e4ilyt\u00e4\u00a0j\u00e4\u00e4kaapissa. Valmistusmaa: Iran.<\/p>\n","protected":false},"featured_media":0,"template":"","meta":{"om_disable_all_campaigns":false,"_monsterinsights_skip_tracking":false,"_monsterinsights_sitenote_active":false,"_monsterinsights_sitenote_note":"","_monsterinsights_sitenote_category":0},"location":[1422],"product_brand":[1423],"product_cat":[1480],"product_tag":[],"class_list":{"0":"post-41599","1":"product","2":"type-product","3":"status-publish","5":"location-v","6":"product_brand-ararat-ari-food","7":"product_cat-mehut-nesteet-en","8":"stock_type-lasi-en","10":"first","11":"instock","12":"taxable","13":"shipping-taxable","14":"purchasable","15":"product-type-simple"},"aioseo_notices":[],"locations":[{"id":1422,"name":"v","slug":"v","quantity":"120"}],"_links":{"self":[{"href":"https:\/\/araratfinland.com\/en\/wp-json\/wp\/v2\/product\/41599","targetHints":{"allow":["GET"]}}],"collection":[{"href":"https:\/\/araratfinland.com\/en\/wp-json\/wp\/v2\/product"}],"about":[{"href":"https:\/\/araratfinland.com\/en\/wp-json\/wp\/v2\/types\/product"}],"version-history":[{"count":1,"href":"https:\/\/araratfinland.com\/en\/wp-json\/wp\/v2\/product\/41599\/revisions"}],"predecessor-version":[{"id":56285,"href":"https:\/\/araratfinland.com\/en\/wp-json\/wp\/v2\/product\/41599\/revisions\/56285"}],"wp:attachment":[{"href":"https:\/\/araratfinland.com\/en\/wp-json\/wp\/v2\/media?parent=41599"}],"wp:term":[{"taxonomy":"location","embeddable":true,"href":"https:\/\/araratfinland.com\/en\/wp-json\/wp\/v2\/location?post=41599"},{"taxonomy":"product_brand","embeddable":true,"href":"https:\/\/araratfinland.com\/en\/wp-json\/wp\/v2\/product_brand?post=41599"},{"taxonomy":"product_cat","embeddable":true,"href":"https:\/\/araratfinland.com\/en\/wp-json\/wp\/v2\/product_cat?post=41599"},{"taxonomy":"product_tag","embeddable":true,"href":"https:\/\/araratfinland.com\/en\/wp-json\/wp\/v2\/product_tag?post=41599"}],"curies":[{"name":"wp","href":"https:\/\/api.w.org\/{rel}","templated":true}]}}