{"id":41586,"date":"2024-06-02T02:11:54","date_gmt":"2024-06-01T23:11:54","guid":{"rendered":"https:\/\/araratfinland.com\/product\/qibbla-kana-mortadella-200g-339\/"},"modified":"2025-11-10T13:58:22","modified_gmt":"2025-11-10T11:58:22","slug":"qibbla-kana-mortadella-200g-339","status":"publish","type":"product","link":"https:\/\/araratfinland.com\/en\/product\/qibbla-kana-mortadella-200g-339\/","title":{"rendered":"Qibbla Kana Mortadella 12x200g (339)"},"content":{"rendered":"<h4><span style=\"font-size: 18px;color: #000000\"><strong>Kana Mortadella 339.<\/strong><\/span><\/h4>\n<h4><span style=\"color: #000000\"><span style=\"font-size: 18px\"><strong>Ainesosat: <\/strong>Mekaanisesti erotettu liha<br \/>(30% kananpojan, 21% kalkkunan) vesi,<br \/>kananrasva ja nahka,\u00a0<\/span><span style=\"font-size: 18px\">kananpojan liha 13%,<br \/>naudanliha 4%, perunat\u00e4rkelys, suola,<br \/>dekstoosi, mausteet, stabilointiaine: E450,<br \/><\/span><span style=\"font-size: 18px\">happamuudens\u00e4\u00e4toaineet: E327, E262;<br \/>happettumisenestoaine: E300, E330;<br \/>vihannesjauhe (punajuuri), s\u00e4il\u00f6nt\u00e4aine: E250.<\/span><\/span><\/h4>\n<h4><span style=\"font-size: 18px;color: #000000\"><strong>Saattaa sis\u00e4lt\u00e4\u00e4 pieni\u00e4 m\u00e4\u00e4ri\u00e4 pistaasip\u00e4hkin\u00e4t.<\/strong><\/span><\/h4>\n<h4><span style=\"font-size: 18px;color: #000000\"><strong>S\u00e4ilytys:<\/strong> S\u00e4ilyt\u00e4 j\u00e4\u00e4kaapissa.<\/span><\/h4>\n","protected":false},"excerpt":{"rendered":"<p>Kana Mortadella 339. Ainesosat: Mekaanisesti erotettu liha(30% kananpojan, 21% kalkkunan) vesi,kananrasva ja nahka,\u00a0kananpojan liha 13%,naudanliha 4%, perunat\u00e4rkelys, suola,dekstoosi, mausteet, stabilointiaine:<\/p>\n","protected":false},"featured_media":100089,"template":"","meta":{"om_disable_all_campaigns":false,"_monsterinsights_skip_tracking":false,"_monsterinsights_sitenote_active":false,"_monsterinsights_sitenote_note":"","_monsterinsights_sitenote_category":0},"location":[1422],"product_brand":[1423],"product_cat":[1362],"product_tag":[],"class_list":{"0":"post-41586","1":"product","2":"type-product","3":"status-publish","4":"has-post-thumbnail","6":"location-v","7":"product_brand-ararat-ari-food","8":"product_cat-salamit-fi","9":"stock_type-ltk-en","11":"first","12":"instock","13":"taxable","14":"shipping-taxable","15":"purchasable","16":"product-type-simple"},"aioseo_notices":[],"locations":[{"id":1422,"name":"v","slug":"v","quantity":"20"}],"_links":{"self":[{"href":"https:\/\/araratfinland.com\/en\/wp-json\/wp\/v2\/product\/41586","targetHints":{"allow":["GET"]}}],"collection":[{"href":"https:\/\/araratfinland.com\/en\/wp-json\/wp\/v2\/product"}],"about":[{"href":"https:\/\/araratfinland.com\/en\/wp-json\/wp\/v2\/types\/product"}],"version-history":[{"count":3,"href":"https:\/\/araratfinland.com\/en\/wp-json\/wp\/v2\/product\/41586\/revisions"}],"predecessor-version":[{"id":52695,"href":"https:\/\/araratfinland.com\/en\/wp-json\/wp\/v2\/product\/41586\/revisions\/52695"}],"wp:featuredmedia":[{"embeddable":true,"href":"https:\/\/araratfinland.com\/en\/wp-json\/wp\/v2\/media\/100089"}],"wp:attachment":[{"href":"https:\/\/araratfinland.com\/en\/wp-json\/wp\/v2\/media?parent=41586"}],"wp:term":[{"taxonomy":"location","embeddable":true,"href":"https:\/\/araratfinland.com\/en\/wp-json\/wp\/v2\/location?post=41586"},{"taxonomy":"product_brand","embeddable":true,"href":"https:\/\/araratfinland.com\/en\/wp-json\/wp\/v2\/product_brand?post=41586"},{"taxonomy":"product_cat","embeddable":true,"href":"https:\/\/araratfinland.com\/en\/wp-json\/wp\/v2\/product_cat?post=41586"},{"taxonomy":"product_tag","embeddable":true,"href":"https:\/\/araratfinland.com\/en\/wp-json\/wp\/v2\/product_tag?post=41586"}],"curies":[{"name":"wp","href":"https:\/\/api.w.org\/{rel}","templated":true}]}}