{"id":41582,"date":"2024-06-02T02:11:53","date_gmt":"2024-06-01T23:11:53","guid":{"rendered":"https:\/\/araratfinland.com\/product\/balconi-mix-max-coconut-cream-350g\/"},"modified":"2025-10-16T15:01:30","modified_gmt":"2025-10-16T12:01:30","slug":"balconi-mix-max-coconut-cream-350g","status":"publish","type":"product","link":"https:\/\/araratfinland.com\/en\/product\/balconi-mix-max-coconut-cream-350g\/","title":{"rendered":"Balconi Mix Max Coconut Cream 350g"},"content":{"rendered":"<p><span style=\"font-size: 18px;color: #000000\"><strong>Ainesosat:<\/strong>\u00a0Sokeri, kasvirasvat (palmu, palmunydin,<br \/>kookosp\u00e4hkin\u00e4\u00a0vaihtelevissa suhteissa),<br \/>glukoosi-fruktoosisiirappi,\u00a0<strong>vehn\u00e4<\/strong>jauho,\u00a0<strong>kana munat<\/strong>,<br \/>rasvaton\u00a0<strong>maito<\/strong>\u00a0(9%),\u00a0<strong>kookosmaito<\/strong>\u00a0(6,6%),<br \/><strong>maitojauhe<\/strong> (5%), rasva alennettu kaakaojauhe<br \/>(2,3%), rasvaton\u00a0<strong>maito<\/strong>jauhe (1,5%), kasvi\u00f6ljyt<br \/>(auringonkukka, oliivi\u00f6ljy vaihtelevissa suhteissa),<br \/><strong>maito<\/strong>proteiinit, suola,\u00a0<strong>vehn\u00e4<\/strong>kuitu, emulgointiaineet:<br \/>rasvahappojen mono- ja diglyseridit,\u00a0<strong>soija<\/strong>lesitiinit;<br \/>kohotusaineet: ammoniumkarbonaatit, natriumkarbonaatit,<br \/>difosfaatit; aromit.<\/p>\n<p><strong>Saattaa sis\u00e4lt\u00e4\u00e4 p\u00e4hkin\u00f6it\u00e4.<\/p>\n<p>S\u00e4ilytys:<\/strong>\u00a0Kuivassa ja viile\u00e4ss\u00e4 paikassa.<\/p>\n<p><\/span> <\/p>\n<table style=\"font-size: 12px;width: 391.688px\">\n<tbody>\n<tr>\n<td style=\"width: 372.688px\" colspan=\"2\"><span style=\"font-size: 18px;color: #000000\"><strong>Ravintosis\u00e4lt\u00f6 per 100g<\/strong><\/span><\/td>\n<\/tr>\n<\/tbody>\n<tbody>\n<tr>\n<td style=\"width: 200px\"><span style=\"font-size: 18px;color: #000000\">Energia<\/span><\/td>\n<td style=\"width: 172.688px\"><span style=\"font-size: 18px;color: #000000\">1842 kJ\/ 440 kcal<\/span><\/td>\n<\/tr>\n<tr>\n<td style=\"width: 200px\"><span style=\"font-size: 18px;color: #000000\">Rasva<\/span><\/td>\n<td style=\"width: 172.688px\"><span style=\"font-size: 18px;color: #000000\">23 g<\/span><\/td>\n<\/tr>\n<tr>\n<td style=\"width: 200px\"><span style=\"font-size: 18px;color: #000000\">josta tyydyttyneitt\u00e4<\/span><\/td>\n<td style=\"width: 172.688px\"><span style=\"font-size: 18px;color: #000000\">17 g<\/span><\/td>\n<\/tr>\n<tr>\n<td style=\"width: 200px\"><span style=\"font-size: 18px;color: #000000\">Hiilihydraatit<\/span><\/td>\n<td style=\"width: 172.688px\"><span style=\"font-size: 18px;color: #000000\">51 g<\/span><\/td>\n<\/tr>\n<tr>\n<td style=\"width: 200px\"><span style=\"font-size: 18px;color: #000000\">josta sokereita<\/span><\/td>\n<td style=\"width: 172.688px\"><span style=\"font-size: 18px;color: #000000\">36 g<\/span><\/td>\n<\/tr>\n<tr>\n<td style=\"width: 200px\"><span style=\"font-size: 18px;color: #000000\">Proteiini<\/span><\/td>\n<td style=\"width: 172.688px\"><span style=\"font-size: 18px;color: #000000\">6,2 g<\/span><\/td>\n<\/tr>\n<tr>\n<td style=\"width: 200px\"><span style=\"font-size: 18px;color: #000000\">Suola<\/span><\/td>\n<td style=\"width: 172.688px\"><span style=\"font-size: 18px;color: #000000\">0,32 g<br \/><\/span><\/td>\n<\/tr>\n<\/tbody>\n<\/table>\n","protected":false},"excerpt":{"rendered":"<p>Ainesosat:\u00a0Sokeri, kasvirasvat (palmu, palmunydin,kookosp\u00e4hkin\u00e4\u00a0vaihtelevissa suhteissa),glukoosi-fruktoosisiirappi,\u00a0vehn\u00e4jauho,\u00a0kana munat,rasvaton\u00a0maito\u00a0(9%),\u00a0kookosmaito\u00a0(6,6%),maitojauhe (5%), rasva alennettu kaakaojauhe(2,3%), rasvaton\u00a0maitojauhe (1,5%), kasvi\u00f6ljyt(auringonkukka, oliivi\u00f6ljy vaihtelevissa suhteissa),maitoproteiinit, suola,\u00a0vehn\u00e4kuitu, emulgointiaineet:rasvahappojen mono- ja<\/p>\n","protected":false},"featured_media":97026,"template":"","meta":{"om_disable_all_campaigns":false,"_monsterinsights_skip_tracking":false,"_monsterinsights_sitenote_active":false,"_monsterinsights_sitenote_note":"","_monsterinsights_sitenote_category":0},"location":[1422],"product_brand":[1423],"product_cat":[1326],"product_tag":[],"class_list":{"0":"post-41582","1":"product","2":"type-product","3":"status-publish","4":"has-post-thumbnail","6":"location-v","7":"product_brand-ararat-ari-food","8":"product_cat-keksit-leivokset-fi","9":"stock_type-pcs-en","11":"first","12":"instock","13":"taxable","14":"shipping-taxable","15":"purchasable","16":"product-type-simple"},"aioseo_notices":[],"locations":[{"id":1422,"name":"v","slug":"v","quantity":"244"}],"_links":{"self":[{"href":"https:\/\/araratfinland.com\/en\/wp-json\/wp\/v2\/product\/41582","targetHints":{"allow":["GET"]}}],"collection":[{"href":"https:\/\/araratfinland.com\/en\/wp-json\/wp\/v2\/product"}],"about":[{"href":"https:\/\/araratfinland.com\/en\/wp-json\/wp\/v2\/types\/product"}],"version-history":[{"count":1,"href":"https:\/\/araratfinland.com\/en\/wp-json\/wp\/v2\/product\/41582\/revisions"}],"predecessor-version":[{"id":48329,"href":"https:\/\/araratfinland.com\/en\/wp-json\/wp\/v2\/product\/41582\/revisions\/48329"}],"wp:featuredmedia":[{"embeddable":true,"href":"https:\/\/araratfinland.com\/en\/wp-json\/wp\/v2\/media\/97026"}],"wp:attachment":[{"href":"https:\/\/araratfinland.com\/en\/wp-json\/wp\/v2\/media?parent=41582"}],"wp:term":[{"taxonomy":"location","embeddable":true,"href":"https:\/\/araratfinland.com\/en\/wp-json\/wp\/v2\/location?post=41582"},{"taxonomy":"product_brand","embeddable":true,"href":"https:\/\/araratfinland.com\/en\/wp-json\/wp\/v2\/product_brand?post=41582"},{"taxonomy":"product_cat","embeddable":true,"href":"https:\/\/araratfinland.com\/en\/wp-json\/wp\/v2\/product_cat?post=41582"},{"taxonomy":"product_tag","embeddable":true,"href":"https:\/\/araratfinland.com\/en\/wp-json\/wp\/v2\/product_tag?post=41582"}],"curies":[{"name":"wp","href":"https:\/\/api.w.org\/{rel}","templated":true}]}}