{"id":41574,"date":"2024-06-02T02:11:52","date_gmt":"2024-06-01T23:11:52","guid":{"rendered":"https:\/\/araratfinland.com\/product\/vaseline-orginal-250-ml\/"},"modified":"2025-09-25T10:40:15","modified_gmt":"2025-09-25T07:40:15","slug":"vaseline-orginal-250-ml","status":"publish","type":"product","link":"https:\/\/araratfinland.com\/en\/product\/vaseline-orginal-250-ml\/","title":{"rendered":"Vaseline Orginal 250 ml"},"content":{"rendered":"<div><span style=\"font-size: 18px\"><strong>Ainesosa:<\/strong>\u00a0Vaseliini (<\/span><span style=\"font-size: 18px\">Petrolatum).<\/p>\n<p><\/span><\/div>\n<div><span style=\"font-size: 18px\"><strong>Varoitus:<\/strong>\u00a0<strong>Vain ulkoiseen k\u00e4ytt\u00f6\u00f6n.<\/p>\n<p><\/strong><\/span><\/div>\n<div><span style=\"font-size: 18px\"><strong>S\u00e4ilytys:<\/strong>\u00a0Viile\u00e4ss\u00e4 ja kuivassa paikassa,\u00a0<\/span><\/div>\n<div><span style=\"font-size: 18px\">poissa suorasta auringonvalosta.<\/span><\/div>\n","protected":false},"excerpt":{"rendered":"<p>Ainesosa:\u00a0Vaseliini (Petrolatum). Varoitus:\u00a0Vain ulkoiseen k\u00e4ytt\u00f6\u00f6n. S\u00e4ilytys:\u00a0Viile\u00e4ss\u00e4 ja kuivassa paikassa,\u00a0 poissa suorasta auringonvalosta.<\/p>\n","protected":false},"featured_media":93235,"template":"","meta":{"om_disable_all_campaigns":false,"_monsterinsights_skip_tracking":false,"_monsterinsights_sitenote_active":false,"_monsterinsights_sitenote_note":"","_monsterinsights_sitenote_category":0},"location":[1422],"product_brand":[1423],"product_cat":[1370],"product_tag":[],"class_list":{"0":"post-41574","1":"product","2":"type-product","3":"status-publish","4":"has-post-thumbnail","6":"location-v","7":"product_brand-ararat-ari-food","8":"product_cat-taloustavarat-fi","9":"stock_type-kpl-en","11":"first","12":"instock","13":"taxable","14":"shipping-taxable","15":"purchasable","16":"product-type-simple"},"aioseo_notices":[],"locations":[{"id":1422,"name":"v","slug":"v","quantity":"20"}],"_links":{"self":[{"href":"https:\/\/araratfinland.com\/en\/wp-json\/wp\/v2\/product\/41574","targetHints":{"allow":["GET"]}}],"collection":[{"href":"https:\/\/araratfinland.com\/en\/wp-json\/wp\/v2\/product"}],"about":[{"href":"https:\/\/araratfinland.com\/en\/wp-json\/wp\/v2\/types\/product"}],"version-history":[{"count":1,"href":"https:\/\/araratfinland.com\/en\/wp-json\/wp\/v2\/product\/41574\/revisions"}],"predecessor-version":[{"id":53853,"href":"https:\/\/araratfinland.com\/en\/wp-json\/wp\/v2\/product\/41574\/revisions\/53853"}],"wp:featuredmedia":[{"embeddable":true,"href":"https:\/\/araratfinland.com\/en\/wp-json\/wp\/v2\/media\/93235"}],"wp:attachment":[{"href":"https:\/\/araratfinland.com\/en\/wp-json\/wp\/v2\/media?parent=41574"}],"wp:term":[{"taxonomy":"location","embeddable":true,"href":"https:\/\/araratfinland.com\/en\/wp-json\/wp\/v2\/location?post=41574"},{"taxonomy":"product_brand","embeddable":true,"href":"https:\/\/araratfinland.com\/en\/wp-json\/wp\/v2\/product_brand?post=41574"},{"taxonomy":"product_cat","embeddable":true,"href":"https:\/\/araratfinland.com\/en\/wp-json\/wp\/v2\/product_cat?post=41574"},{"taxonomy":"product_tag","embeddable":true,"href":"https:\/\/araratfinland.com\/en\/wp-json\/wp\/v2\/product_tag?post=41574"}],"curies":[{"name":"wp","href":"https:\/\/api.w.org\/{rel}","templated":true}]}}