{"id":41566,"date":"2024-06-02T02:11:50","date_gmt":"2024-06-01T23:11:50","guid":{"rendered":"https:\/\/araratfinland.com\/product\/delta-kookospallot-350g\/"},"modified":"2025-11-17T16:27:42","modified_gmt":"2025-11-17T14:27:42","slug":"delta-kookospallot-350g","status":"publish","type":"product","link":"https:\/\/araratfinland.com\/en\/product\/delta-kookospallot-350g\/","title":{"rendered":"Delta Kookospallot 350g"},"content":{"rendered":"<h4><span style=\"color: #000000\"><span style=\"font-size: 18px\"><strong>Ainesosat: <\/strong>31% kookoshiutaleita, sokeri,<br \/>glukoosisiirappi, perunat\u00e4rkkelys,<br \/><\/span><span style=\"font-size: 18px\">munanvalkuaiset, dekstroosi.<\/span><\/span><\/h4>\n<h4><span style=\"font-size: 18px;color: #000000\"><strong>S\u00e4ilytys:<\/strong>\u00a0Viile\u00e4ss\u00e4 ja kuivassa paikassa.<\/span><\/h4>\n<h4><span style=\"font-size: 18px;color: #000000\"><strong>Saattaa sis\u00e4lt\u00e4\u00e4 pieni\u00e4 m\u00e4\u00e4ri\u00e4 maitoa, soijaa,<br \/>vehn\u00e4\u00e4 ja sulfiittia.<\/strong><\/span><\/h4>\n","protected":false},"excerpt":{"rendered":"<p>Ainesosat: 31% kookoshiutaleita, sokeri,glukoosisiirappi, perunat\u00e4rkkelys,munanvalkuaiset, dekstroosi. S\u00e4ilytys:\u00a0Viile\u00e4ss\u00e4 ja kuivassa paikassa. Saattaa sis\u00e4lt\u00e4\u00e4 pieni\u00e4 m\u00e4\u00e4ri\u00e4 maitoa, soijaa,vehn\u00e4\u00e4 ja sulfiittia.<\/p>\n","protected":false},"featured_media":100825,"template":"","meta":{"om_disable_all_campaigns":false,"_monsterinsights_skip_tracking":false,"_monsterinsights_sitenote_active":false,"_monsterinsights_sitenote_note":"","_monsterinsights_sitenote_category":0},"location":[1422],"product_brand":[1423],"product_cat":[1326],"product_tag":[],"class_list":{"0":"post-41566","1":"product","2":"type-product","3":"status-publish","4":"has-post-thumbnail","6":"location-v","7":"product_brand-ararat-ari-food","8":"product_cat-keksit-leivokset-fi","9":"stock_type-pcs-en","11":"first","12":"instock","13":"taxable","14":"shipping-taxable","15":"purchasable","16":"product-type-simple"},"aioseo_notices":[],"locations":[{"id":1422,"name":"v","slug":"v","quantity":"64"}],"_links":{"self":[{"href":"https:\/\/araratfinland.com\/en\/wp-json\/wp\/v2\/product\/41566","targetHints":{"allow":["GET"]}}],"collection":[{"href":"https:\/\/araratfinland.com\/en\/wp-json\/wp\/v2\/product"}],"about":[{"href":"https:\/\/araratfinland.com\/en\/wp-json\/wp\/v2\/types\/product"}],"version-history":[{"count":1,"href":"https:\/\/araratfinland.com\/en\/wp-json\/wp\/v2\/product\/41566\/revisions"}],"predecessor-version":[{"id":48345,"href":"https:\/\/araratfinland.com\/en\/wp-json\/wp\/v2\/product\/41566\/revisions\/48345"}],"wp:featuredmedia":[{"embeddable":true,"href":"https:\/\/araratfinland.com\/en\/wp-json\/wp\/v2\/media\/100825"}],"wp:attachment":[{"href":"https:\/\/araratfinland.com\/en\/wp-json\/wp\/v2\/media?parent=41566"}],"wp:term":[{"taxonomy":"location","embeddable":true,"href":"https:\/\/araratfinland.com\/en\/wp-json\/wp\/v2\/location?post=41566"},{"taxonomy":"product_brand","embeddable":true,"href":"https:\/\/araratfinland.com\/en\/wp-json\/wp\/v2\/product_brand?post=41566"},{"taxonomy":"product_cat","embeddable":true,"href":"https:\/\/araratfinland.com\/en\/wp-json\/wp\/v2\/product_cat?post=41566"},{"taxonomy":"product_tag","embeddable":true,"href":"https:\/\/araratfinland.com\/en\/wp-json\/wp\/v2\/product_tag?post=41566"}],"curies":[{"name":"wp","href":"https:\/\/api.w.org\/{rel}","templated":true}]}}